{"id":70,"date":"2014-11-26T12:59:36","date_gmt":"2014-11-26T10:59:36","guid":{"rendered":"http:\/\/www.flokcan.com\/?page_id=70"},"modified":"2026-01-08T13:48:17","modified_gmt":"2026-01-08T10:48:17","slug":"uretim","status":"publish","type":"page","link":"https:\/\/www.flokcan.com\/en\/uretim\/","title":{"rendered":"Production"},"content":{"rendered":"<div class=\"et_pb_section_0 et_pb_section et_section_regular et_block_section\">\n<div class=\"et_pb_row_0 et_pb_row et_pb_gutters3 et_block_row\">\n<div class=\"et_pb_column_0 et_pb_column et_pb_column_4_4 et-last-child et_block_column et_pb_css_mix_blend_mode_passthrough\">\n<div class=\"et_pb_code_0 et_pb_code et_pb_module\"><div class=\"et_pb_code_inner\"><script type=\"text\/javascript\">jQuery(function() { _initLayerSlider( '#layerslider_5_17819gu18fc6n', {createdWith: '8.1.2', sliderVersion: '8.1.2', skin: 'fullwidth', useSrcset: true, skinsPath: 'https:\/\/www.flokcan.com\/wp-content\/plugins\/LayerSlider\/assets\/static\/layerslider\/skins\/', performanceMode: true}); });<\/script><div id=\"layerslider_5_17819gu18fc6n\"  class=\"ls-wp-container fitvidsignore\" style=\"width:900px;height:500px;margin:0 auto;\"><div class=\"ls-slide\" ><img loading=\"lazy\" decoding=\"async\" width=\"900\" height=\"502\" src=\"https:\/\/www.flokcan.com\/wp-content\/uploads\/2025\/12\/t1-1.jpg\" class=\"ls-bg\" alt=\"\" srcset=\"https:\/\/www.flokcan.com\/wp-content\/uploads\/2025\/12\/t1-1.jpg 900w, https:\/\/www.flokcan.com\/wp-content\/uploads\/2025\/12\/t1-1-480x268.jpg 480w\" sizes=\"(min-width: 0px) and (max-width: 480px) 480px, (min-width: 481px) 900px, 100vw\" \/><\/div><div class=\"ls-slide\" ><img loading=\"lazy\" decoding=\"async\" width=\"900\" height=\"502\" src=\"https:\/\/www.flokcan.com\/wp-content\/uploads\/2025\/12\/t2.jpg\" class=\"ls-bg\" alt=\"\" srcset=\"https:\/\/www.flokcan.com\/wp-content\/uploads\/2025\/12\/t2.jpg 900w, https:\/\/www.flokcan.com\/wp-content\/uploads\/2025\/12\/t2-480x268.jpg 480w\" sizes=\"(min-width: 0px) and (max-width: 480px) 480px, (min-width: 481px) 900px, 100vw\" \/><\/div><div class=\"ls-slide\" ><img loading=\"lazy\" decoding=\"async\" width=\"900\" height=\"502\" src=\"https:\/\/www.flokcan.com\/wp-content\/uploads\/2025\/12\/t4.jpg\" class=\"ls-bg\" alt=\"\" srcset=\"https:\/\/www.flokcan.com\/wp-content\/uploads\/2025\/12\/t4.jpg 900w, https:\/\/www.flokcan.com\/wp-content\/uploads\/2025\/12\/t4-480x268.jpg 480w\" sizes=\"(min-width: 0px) and (max-width: 480px) 480px, (min-width: 481px) 900px, 100vw\" \/><\/div><div class=\"ls-slide\" ><img loading=\"lazy\" decoding=\"async\" width=\"900\" height=\"502\" src=\"https:\/\/www.flokcan.com\/wp-content\/uploads\/2025\/12\/t3.jpg\" class=\"ls-bg\" alt=\"\" srcset=\"https:\/\/www.flokcan.com\/wp-content\/uploads\/2025\/12\/t3.jpg 900w, https:\/\/www.flokcan.com\/wp-content\/uploads\/2025\/12\/t3-480x268.jpg 480w\" sizes=\"(min-width: 0px) and (max-width: 480px) 480px, (min-width: 481px) 900px, 100vw\" \/><\/div><\/div><\/div><\/div>\n\n<div class=\"et_pb_text_0 et_pb_text et_pb_bg_layout_light et_pb_module et_block_module\"><div class=\"et_pb_text_inner\"><h3>A-) FLOK KES\u0130M\u0130\u00a0<\/h3>\n<p><strong><em>Hassas kesim\u00a0<\/em><\/strong><\/p>\n<p>Firmam\u0131z hassas flok kesimi i\u00e7in en son teknoloji kesim makinelerini kullanmaktad\u0131r. Bu makineler tam olarak hassas elyaf flok kesimini garanti alt\u0131na al\u0131r.<\/p>\n<p><img loading=\"lazy\" decoding=\"async\" class=\" wp-image-515 size-medium alignnone\" src=\"http:\/\/www.flokcan.com\/wp-content\/uploads\/2014\/11\/IMG_9949-300x200.jpg\" alt=\"[cml_media_alt id='515']IMG_9949[\/cml_media_alt]\" width=\"300\" height=\"200\" srcset=\"https:\/\/www.flokcan.com\/wp-content\/uploads\/2014\/11\/IMG_9949-300x200.jpg 300w, https:\/\/www.flokcan.com\/wp-content\/uploads\/2014\/11\/IMG_9949-1024x683.jpg 1024w, https:\/\/www.flokcan.com\/wp-content\/uploads\/2014\/11\/IMG_9949-770x513.jpg 770w, https:\/\/www.flokcan.com\/wp-content\/uploads\/2014\/11\/IMG_9949.jpg 1200w\" sizes=\"(max-width: 300px) 100vw, 300px\" \/><\/p>\n<h3>B-) BOYAMA\u00a0<strong><img loading=\"lazy\" decoding=\"async\" class=\" wp-image-516 size-medium alignright\" src=\"http:\/\/www.flokcan.com\/wp-content\/uploads\/2014\/11\/IMG_9930-300x200.jpg\" alt=\"[cml_media_alt id='516']IMG_9930[\/cml_media_alt]\" width=\"300\" height=\"200\" srcset=\"https:\/\/www.flokcan.com\/wp-content\/uploads\/2014\/11\/IMG_9930-300x200.jpg 300w, https:\/\/www.flokcan.com\/wp-content\/uploads\/2014\/11\/IMG_9930-1024x683.jpg 1024w, https:\/\/www.flokcan.com\/wp-content\/uploads\/2014\/11\/IMG_9930-770x513.jpg 770w, https:\/\/www.flokcan.com\/wp-content\/uploads\/2014\/11\/IMG_9930.jpg 1200w\" sizes=\"(max-width: 300px) 100vw, 300px\" \/><\/strong><\/h3>\n<p>\u015eirketimiz m\u00fckemmel y\u0131kama h\u0131z\u0131, hafif h\u0131z ve Ultra &#8211; violet radiation\u2019 a kar\u015f\u0131 \u00e7ok \u00f6zel boyama \u00fcniteleri kurmu\u015ftur. Biz boyama malzemelerini (Asit boya, metal kompleks boya, Reaktif boya gibi) se\u00e7erken \u00e7ok titiz davranmaktay\u0131z bu nedenle boya maddelerini Clariant ve Dystar gibi uluslararas\u0131 tan\u0131nm\u0131\u015f firmalardan sa\u011flamaktay\u0131z. Hali haz\u0131rda 2000 renk ve farkl\u0131 renk g\u00f6lgelendirmeleri geli\u015ftirilmi\u015ftir.<\/p>\n<p>\u00a0<\/p>\n<h3>C-) KURUTMA &amp; ELEME<strong><br \/><\/strong><\/h3>\n<p>Flokcan Tekstil San. Tic. Ltd. Sti. \u00e7ok kademeli eleme uygulama hatt\u0131nda d\u00f6nme t\u00fcr\u00fc ve titre\u015fimli eleme dahil olmak \u00fczere \u00e7ok \u00f6zel flok kurutma (yumu\u015fatma) sistemleri kurmu\u015ftur. Bu uygulama sonucunda tam anlam\u0131yla bir eleme operasyonu ve uzun elyaflarda tam anlam\u0131yla m\u00fckemmel bir eleme elde edilir.<\/p>\n<p><img loading=\"lazy\" decoding=\"async\" class=\"alignnone size-medium wp-image-517\" src=\"http:\/\/www.flokcan.com\/wp-content\/uploads\/2014\/11\/IMG_9957-300x200.jpg\" alt=\"[cml_media_alt id='517']IMG_9957[\/cml_media_alt]\" width=\"300\" height=\"200\" srcset=\"https:\/\/www.flokcan.com\/wp-content\/uploads\/2014\/11\/IMG_9957-300x200.jpg 300w, https:\/\/www.flokcan.com\/wp-content\/uploads\/2014\/11\/IMG_9957-1024x683.jpg 1024w, https:\/\/www.flokcan.com\/wp-content\/uploads\/2014\/11\/IMG_9957-770x513.jpg 770w, https:\/\/www.flokcan.com\/wp-content\/uploads\/2014\/11\/IMG_9957.jpg 1200w\" sizes=\"(max-width: 300px) 100vw, 300px\" \/><\/p>\n<h3>D-) PAKETLEME<\/h3>\n<p>Biz floklar\u0131m\u0131z\u0131 \u00e7ok sa\u011flam 4 ply ka\u011f\u0131t torbalar veya dokuma polyproplene \u00e7antalar\u0131 kullanarak paketlemekteyiz. Bu torbalar\u0131n i\u00e7i polyethylene film kapl\u0131d\u0131r ve kapal\u0131 ve hava ge\u00e7irmezdir. Baz\u0131 durumlarda \u00f6zellikle uzun kesim elyaf floklarda oluklu karton kutular\u0131 \u00f6nermekteyiz<\/p>\n<p><img loading=\"lazy\" decoding=\"async\" class=\"alignnone size-medium wp-image-518\" src=\"http:\/\/www.flokcan.com\/wp-content\/uploads\/2014\/11\/IMG_9934-300x200.jpg\" alt=\"[cml_media_alt id='518']IMG_9934[\/cml_media_alt]\" width=\"300\" height=\"200\" srcset=\"https:\/\/www.flokcan.com\/wp-content\/uploads\/2014\/11\/IMG_9934-300x200.jpg 300w, https:\/\/www.flokcan.com\/wp-content\/uploads\/2014\/11\/IMG_9934-1024x683.jpg 1024w, https:\/\/www.flokcan.com\/wp-content\/uploads\/2014\/11\/IMG_9934-770x513.jpg 770w, https:\/\/www.flokcan.com\/wp-content\/uploads\/2014\/11\/IMG_9934.jpg 1200w\" sizes=\"(max-width: 300px) 100vw, 300px\" \/><img loading=\"lazy\" decoding=\"async\" class=\"alignnone size-medium wp-image-519\" src=\"http:\/\/www.flokcan.com\/wp-content\/uploads\/2014\/11\/IMG_9936-300x200.jpg\" alt=\"[cml_media_alt id='519']IMG_9936[\/cml_media_alt]\" width=\"300\" height=\"200\" srcset=\"https:\/\/www.flokcan.com\/wp-content\/uploads\/2014\/11\/IMG_9936-300x200.jpg 300w, https:\/\/www.flokcan.com\/wp-content\/uploads\/2014\/11\/IMG_9936-1024x683.jpg 1024w, https:\/\/www.flokcan.com\/wp-content\/uploads\/2014\/11\/IMG_9936-770x513.jpg 770w, https:\/\/www.flokcan.com\/wp-content\/uploads\/2014\/11\/IMG_9936.jpg 1200w\" sizes=\"(max-width: 300px) 100vw, 300px\" \/><\/p>\n<h3>E-)LABORATUAR\u00a0<\/h3>\n<p>Flokcan Tekstil \u00fcr\u00fcn kalitesinin devaml\u0131l\u0131\u011f\u0131n\u0131, yeni \u00fcr\u00fcn geli\u015ftirme ve kalite artt\u0131rma \u00e7al\u0131\u015fmalar\u0131n\u0131 garanti alt\u0131na alabilmek amac\u0131yla laboratuar\u0131n\u0131 en son teknoloji test cihazlar\u0131yla ve e\u011fitilmi\u015f laboratuar g\u00fcc\u00fcyle donatm\u0131\u015ft\u0131r. Laboratuar\u0131m\u0131zda MAAG Laboratuar cihazlar\u0131n\u0131 kullanmaktay\u0131z<\/p>\n<p><img loading=\"lazy\" decoding=\"async\" class=\"alignnone wp-image-520 size-thumbnail\" src=\"http:\/\/www.flokcan.com\/wp-content\/uploads\/2014\/11\/IMG_9905-150x150.jpg\" alt=\"[cml_media_alt id='520']IMG_9905[\/cml_media_alt]\" width=\"150\" height=\"150\" \/>\u00a0<img loading=\"lazy\" decoding=\"async\" class=\"alignnone wp-image-521 size-thumbnail\" src=\"http:\/\/www.flokcan.com\/wp-content\/uploads\/2014\/11\/IMG_9901-150x150.jpg\" alt=\"[cml_media_alt id='521']IMG_9901[\/cml_media_alt]\" width=\"150\" height=\"150\" \/>\u00a0<a href=\"http:\/\/www.flokcan.com\/wp-content\/uploads\/2014\/11\/IMG_99061.jpg\"><img loading=\"lazy\" decoding=\"async\" class=\"alignnone size-thumbnail wp-image-522\" src=\"http:\/\/www.flokcan.com\/wp-content\/uploads\/2014\/11\/IMG_99061-150x150.jpg\" alt=\"[cml_media_alt id='522']IMG_9906[\/cml_media_alt]\" width=\"150\" height=\"150\" \/>\u00a0<img loading=\"lazy\" decoding=\"async\" class=\"alignnone size-thumbnail wp-image-523\" src=\"http:\/\/www.flokcan.com\/wp-content\/uploads\/2014\/11\/IMG_9896-150x150.jpg\" alt=\"[cml_media_alt id='523']IMG_9896[\/cml_media_alt]\" width=\"150\" height=\"150\" \/><\/a><\/p>\n<\/div><\/div>\n<\/div>\n<\/div>\n<\/div>","protected":false},"excerpt":{"rendered":"","protected":false},"author":1,"featured_media":0,"parent":0,"menu_order":0,"comment_status":"closed","ping_status":"open","template":"","meta":{"footnotes":""},"class_list":["post-70","page","type-page","status-publish","hentry"],"_links":{"self":[{"href":"https:\/\/www.flokcan.com\/en\/wp-json\/wp\/v2\/pages\/70","targetHints":{"allow":["GET"]}}],"collection":[{"href":"https:\/\/www.flokcan.com\/en\/wp-json\/wp\/v2\/pages"}],"about":[{"href":"https:\/\/www.flokcan.com\/en\/wp-json\/wp\/v2\/types\/page"}],"author":[{"embeddable":true,"href":"https:\/\/www.flokcan.com\/en\/wp-json\/wp\/v2\/users\/1"}],"replies":[{"embeddable":true,"href":"https:\/\/www.flokcan.com\/en\/wp-json\/wp\/v2\/comments?post=70"}],"version-history":[{"count":2,"href":"https:\/\/www.flokcan.com\/en\/wp-json\/wp\/v2\/pages\/70\/revisions"}],"predecessor-version":[{"id":861,"href":"https:\/\/www.flokcan.com\/en\/wp-json\/wp\/v2\/pages\/70\/revisions\/861"}],"wp:attachment":[{"href":"https:\/\/www.flokcan.com\/en\/wp-json\/wp\/v2\/media?parent=70"}],"curies":[{"name":"wp","href":"https:\/\/api.w.org\/{rel}","templated":true}]}}