{"id":68,"date":"2014-11-26T12:59:23","date_gmt":"2014-11-26T10:59:23","guid":{"rendered":"http:\/\/www.flokcan.com\/?page_id=68"},"modified":"2025-12-26T15:15:33","modified_gmt":"2025-12-26T12:15:33","slug":"kullanim-alanlari","status":"publish","type":"page","link":"https:\/\/www.flokcan.com\/en\/kullanim-alanlari\/","title":{"rendered":"Areas of use"},"content":{"rendered":"<div class=\"et_pb_section_0 et_pb_section et_section_regular et_block_section\">\n<div class=\"et_pb_row_0 et_pb_row et_pb_gutters3 et_block_row\">\n<div class=\"et_pb_column_0 et_pb_column et_pb_column_4_4 et-last-child et_block_column et_pb_css_mix_blend_mode_passthrough\">\n<div class=\"et_pb_gallery_0 et_pb_gallery et_pb_bg_layout_light et_pb_gallery_grid et_pb_module\" data-auto-rotate=\"off\" data-auto-rotate-speed=\"\"><div class=\"et_pb_gallery_items et_post_gallery clearfix et_grid_module\" data-per_page=\"10\"><div class=\"et_pb_gallery_item et_pb_grid_item et_pb_gallery_item_0_0\"><div class=\"et_pb_gallery_image landscape\" data-per_page=\"10\"><a href=\"https:\/\/www.flokcan.com\/wp-content\/uploads\/2025\/12\/flokcan_products_01.jpg\" title=\"flokcan_products_01\"><img loading=\"lazy\" decoding=\"async\" width=\"400\" height=\"284\" src=\"https:\/\/www.flokcan.com\/wp-content\/uploads\/2025\/12\/flokcan_products_01-400x284.jpg\" alt=\"\" class=\"wp-image-811\" srcset=\"https:\/\/www.flokcan.com\/wp-content\/uploads\/2025\/12\/flokcan_products_01.jpg 479w, https:\/\/www.flokcan.com\/wp-content\/uploads\/2025\/12\/flokcan_products_01-400x284.jpg 480w\" sizes=\"(max-width:479px) 479px, 100vw\" \/><span class=\"et_overlay\" data-icon=\"\" data-icon-tablet=\"\" data-icon-phone=\"\"><\/span><\/a><\/div><\/div><div class=\"et_pb_gallery_item et_pb_grid_item et_pb_gallery_item_0_1\"><div class=\"et_pb_gallery_image landscape\" data-per_page=\"10\"><a href=\"https:\/\/www.flokcan.com\/wp-content\/uploads\/2025\/12\/flokcan_products_02.jpg\" title=\"flokcan_products_02\"><img loading=\"lazy\" decoding=\"async\" width=\"400\" height=\"284\" src=\"https:\/\/www.flokcan.com\/wp-content\/uploads\/2025\/12\/flokcan_products_02-400x284.jpg\" alt=\"\" class=\"wp-image-812\" srcset=\"https:\/\/www.flokcan.com\/wp-content\/uploads\/2025\/12\/flokcan_products_02.jpg 479w, https:\/\/www.flokcan.com\/wp-content\/uploads\/2025\/12\/flokcan_products_02-400x284.jpg 480w\" sizes=\"(max-width:479px) 479px, 100vw\" \/><span class=\"et_overlay\" data-icon=\"\" data-icon-tablet=\"\" data-icon-phone=\"\"><\/span><\/a><\/div><\/div><div class=\"et_pb_gallery_item et_pb_grid_item et_pb_gallery_item_0_2\"><div class=\"et_pb_gallery_image landscape\" data-per_page=\"10\"><a href=\"https:\/\/www.flokcan.com\/wp-content\/uploads\/2025\/12\/flokcan_products_03.jpg\" title=\"flokcan_products_03\"><img loading=\"lazy\" decoding=\"async\" width=\"400\" height=\"284\" src=\"https:\/\/www.flokcan.com\/wp-content\/uploads\/2025\/12\/flokcan_products_03-400x284.jpg\" alt=\"\" class=\"wp-image-813\" srcset=\"https:\/\/www.flokcan.com\/wp-content\/uploads\/2025\/12\/flokcan_products_03.jpg 479w, https:\/\/www.flokcan.com\/wp-content\/uploads\/2025\/12\/flokcan_products_03-400x284.jpg 480w\" sizes=\"(max-width:479px) 479px, 100vw\" \/><span class=\"et_overlay\" data-icon=\"\" data-icon-tablet=\"\" data-icon-phone=\"\"><\/span><\/a><\/div><\/div><div class=\"et_pb_gallery_item et_pb_grid_item et_pb_gallery_item_0_3\"><div class=\"et_pb_gallery_image landscape\" data-per_page=\"10\"><a href=\"https:\/\/www.flokcan.com\/wp-content\/uploads\/2025\/12\/flokcan_products_04.jpg\" title=\"flokcan_products_04\"><img loading=\"lazy\" decoding=\"async\" width=\"400\" height=\"284\" src=\"https:\/\/www.flokcan.com\/wp-content\/uploads\/2025\/12\/flokcan_products_04-400x284.jpg\" alt=\"\" class=\"wp-image-814\" srcset=\"https:\/\/www.flokcan.com\/wp-content\/uploads\/2025\/12\/flokcan_products_04.jpg 479w, https:\/\/www.flokcan.com\/wp-content\/uploads\/2025\/12\/flokcan_products_04-400x284.jpg 480w\" sizes=\"(max-width:479px) 479px, 100vw\" \/><span class=\"et_overlay\" data-icon=\"\" data-icon-tablet=\"\" data-icon-phone=\"\"><\/span><\/a><\/div><\/div><div class=\"et_pb_gallery_item et_pb_grid_item et_pb_gallery_item_0_4\"><div class=\"et_pb_gallery_image landscape\" data-per_page=\"10\"><a href=\"https:\/\/www.flokcan.com\/wp-content\/uploads\/2025\/12\/flokcan_products_05.jpg\" title=\"flokcan_products_05\"><img loading=\"lazy\" decoding=\"async\" width=\"400\" height=\"284\" src=\"https:\/\/www.flokcan.com\/wp-content\/uploads\/2025\/12\/flokcan_products_05-400x284.jpg\" alt=\"\" class=\"wp-image-815\" srcset=\"https:\/\/www.flokcan.com\/wp-content\/uploads\/2025\/12\/flokcan_products_05.jpg 479w, https:\/\/www.flokcan.com\/wp-content\/uploads\/2025\/12\/flokcan_products_05-400x284.jpg 480w\" sizes=\"(max-width:479px) 479px, 100vw\" \/><span class=\"et_overlay\" data-icon=\"\" data-icon-tablet=\"\" data-icon-phone=\"\"><\/span><\/a><\/div><\/div><div class=\"et_pb_gallery_item et_pb_grid_item et_pb_gallery_item_0_5\"><div class=\"et_pb_gallery_image landscape\" data-per_page=\"10\"><a href=\"https:\/\/www.flokcan.com\/wp-content\/uploads\/2025\/12\/flokcan_products_06.jpg\" title=\"flokcan_products_06\"><img loading=\"lazy\" decoding=\"async\" width=\"400\" height=\"284\" src=\"https:\/\/www.flokcan.com\/wp-content\/uploads\/2025\/12\/flokcan_products_06-400x284.jpg\" alt=\"\" class=\"wp-image-816\" srcset=\"https:\/\/www.flokcan.com\/wp-content\/uploads\/2025\/12\/flokcan_products_06.jpg 479w, https:\/\/www.flokcan.com\/wp-content\/uploads\/2025\/12\/flokcan_products_06-400x284.jpg 480w\" sizes=\"(max-width:479px) 479px, 100vw\" \/><span class=\"et_overlay\" data-icon=\"\" data-icon-tablet=\"\" data-icon-phone=\"\"><\/span><\/a><\/div><\/div><div class=\"et_pb_gallery_item et_pb_grid_item et_pb_gallery_item_0_6\"><div class=\"et_pb_gallery_image landscape\" data-per_page=\"10\"><a href=\"https:\/\/www.flokcan.com\/wp-content\/uploads\/2025\/12\/flokcan_products_07.jpg\" title=\"flokcan_products_07\"><img loading=\"lazy\" decoding=\"async\" width=\"400\" height=\"284\" src=\"https:\/\/www.flokcan.com\/wp-content\/uploads\/2025\/12\/flokcan_products_07-400x284.jpg\" alt=\"\" class=\"wp-image-817\" srcset=\"https:\/\/www.flokcan.com\/wp-content\/uploads\/2025\/12\/flokcan_products_07.jpg 479w, https:\/\/www.flokcan.com\/wp-content\/uploads\/2025\/12\/flokcan_products_07-400x284.jpg 480w\" sizes=\"(max-width:479px) 479px, 100vw\" \/><span class=\"et_overlay\" data-icon=\"\" data-icon-tablet=\"\" data-icon-phone=\"\"><\/span><\/a><\/div><\/div><div class=\"et_pb_gallery_item et_pb_grid_item et_pb_gallery_item_0_7\"><div class=\"et_pb_gallery_image landscape\" data-per_page=\"10\"><a href=\"https:\/\/www.flokcan.com\/wp-content\/uploads\/2025\/12\/flokcan_products_08.jpg\" title=\"flokcan_products_08\"><img loading=\"lazy\" decoding=\"async\" width=\"400\" height=\"284\" src=\"https:\/\/www.flokcan.com\/wp-content\/uploads\/2025\/12\/flokcan_products_08-400x284.jpg\" alt=\"\" class=\"wp-image-818\" srcset=\"https:\/\/www.flokcan.com\/wp-content\/uploads\/2025\/12\/flokcan_products_08.jpg 479w, https:\/\/www.flokcan.com\/wp-content\/uploads\/2025\/12\/flokcan_products_08-400x284.jpg 480w\" sizes=\"(max-width:479px) 479px, 100vw\" \/><span class=\"et_overlay\" data-icon=\"\" data-icon-tablet=\"\" data-icon-phone=\"\"><\/span><\/a><\/div><\/div><div class=\"et_pb_gallery_item et_pb_grid_item et_pb_gallery_item_0_8\"><div class=\"et_pb_gallery_image landscape\" data-per_page=\"10\"><a href=\"https:\/\/www.flokcan.com\/wp-content\/uploads\/2025\/12\/flokcan_products_09.jpg\" title=\"flokcan_products_09\"><img loading=\"lazy\" decoding=\"async\" width=\"400\" height=\"284\" src=\"https:\/\/www.flokcan.com\/wp-content\/uploads\/2025\/12\/flokcan_products_09-400x284.jpg\" alt=\"\" class=\"wp-image-819\" srcset=\"https:\/\/www.flokcan.com\/wp-content\/uploads\/2025\/12\/flokcan_products_09.jpg 479w, https:\/\/www.flokcan.com\/wp-content\/uploads\/2025\/12\/flokcan_products_09-400x284.jpg 480w\" sizes=\"(max-width:479px) 479px, 100vw\" \/><span class=\"et_overlay\" data-icon=\"\" data-icon-tablet=\"\" data-icon-phone=\"\"><\/span><\/a><\/div><\/div><div class=\"et_pb_gallery_item et_pb_grid_item et_pb_gallery_item_0_9\"><div class=\"et_pb_gallery_image landscape\" data-per_page=\"10\"><a href=\"https:\/\/www.flokcan.com\/wp-content\/uploads\/2025\/12\/flokcan_products_10.jpg\" title=\"flokcan_products_10\"><img loading=\"lazy\" decoding=\"async\" width=\"400\" height=\"284\" src=\"https:\/\/www.flokcan.com\/wp-content\/uploads\/2025\/12\/flokcan_products_10-400x284.jpg\" alt=\"\" class=\"wp-image-820\" srcset=\"https:\/\/www.flokcan.com\/wp-content\/uploads\/2025\/12\/flokcan_products_10.jpg 479w, https:\/\/www.flokcan.com\/wp-content\/uploads\/2025\/12\/flokcan_products_10-400x284.jpg 480w\" sizes=\"(max-width:479px) 479px, 100vw\" \/><span class=\"et_overlay\" data-icon=\"\" data-icon-tablet=\"\" data-icon-phone=\"\"><\/span><\/a><\/div><\/div><\/div><\/div>\n\n<div class=\"et_pb_text_0 et_pb_text et_pb_bg_layout_light et_pb_module et_block_module\"><div class=\"et_pb_text_inner\"><h3>THE PLACE AND DEVELOPMENT OF FLOK IN OUR LIVES<\/h3>\n<hr \/>\n<p><a href=\"http:\/\/www.flokcan.com\/wp-content\/uploads\/2014\/11\/IMG_9961.jpg\"><img loading=\"lazy\" decoding=\"async\" class=\"wp-image-454 size-medium alignleft\" src=\"http:\/\/www.flokcan.com\/wp-content\/uploads\/2014\/11\/IMG_9961-300x200.jpg\" alt=\"\" width=\"300\" height=\"200\" srcset=\"https:\/\/www.flokcan.com\/wp-content\/uploads\/2014\/11\/IMG_9961-300x200.jpg 300w, https:\/\/www.flokcan.com\/wp-content\/uploads\/2014\/11\/IMG_9961.jpg 800w, https:\/\/www.flokcan.com\/wp-content\/uploads\/2014\/11\/IMG_9961-770x513.jpg 770w\" sizes=\"(max-width: 300px) 100vw, 300px\" \/><\/a>Look around you. Flock has become an indispensable part of our daily lives, in every aspect of the space you live in, from the paper you write on, to the car you drive, the carpet you stand on, and the chair you sit on.<\/p>\n<p>Flock is fascinating because it's a material that can be applied to all sorts of surfaces, whether they're woven, velvety, or brushed. Flock is everywhere: on a T-shirt, on the chair you're sitting on, on the curtains we use in our windows, on evening wear fabrics, inside perfume bottles, in car glove compartments, on car ceilings, on floor coverings, on makeup brushes, and so on.<\/p>\n<p>Consumers are always looking for something different and new. Manufacturers are after the same thing: a unique product that will increase their market share or create a new market. Creating something special is always a priority, and current research shows that this has created a driving force to encourage learning about flock.<\/p>\n<p>Flocking in decoration is not new. Similar methods, such as attaching yarn dust to adhesive surfaces, were used in the Middle Ages. With the development of technology in the 1970s, flocking became popular in the 1980s and early 90s. At a time when very few people were aware of the texture of velvet and suede, a few people began to use flocking in printing. In the last few years, the areas of application for flocking have developed and increased.<\/p>\n<p>\u00a0<\/p>\n<h3><span style=\"color: #ff6600;\">FLOCK APPLICATIONS<\/span><\/h3>\n<hr \/>\n<p>Flock applications are numerous and highly technological. Besides their well-known uses in the automotive industry (window vents, ABC columns, upholstery fabrics, fabric printing, home textiles, etc.), we have other suggestions that may be new to you.<\/p>\n<p>\u00a0<\/p>\n<h3><span style=\"color: #ff6600;\">EXAMPLES OF APPLICATION AREAS<\/span><\/h3>\n<hr \/>\n<p><img loading=\"lazy\" decoding=\"async\" class=\"alignleft wp-image-152 size-full\" src=\"http:\/\/www.flokcan.com\/wp-content\/uploads\/2014\/11\/flok.jpg\" alt=\"flok\" width=\"790\" height=\"494\" srcset=\"https:\/\/www.flokcan.com\/wp-content\/uploads\/2014\/11\/flok.jpg 790w, https:\/\/www.flokcan.com\/wp-content\/uploads\/2014\/11\/flok-300x187.jpg 300w, https:\/\/www.flokcan.com\/wp-content\/uploads\/2014\/11\/flok-770x481.jpg 770w\" sizes=\"(max-width: 790px) 100vw, 790px\" \/>* bread shaper<br \/>* music note holder<br \/>* screwdriver handle<br \/>* photo duplicators<br \/>* work platforms<br \/>* seatbelt fasteners<br \/>* eyeglass cleaning cloths<br \/>* dental instruments<br \/>* painting pads<br \/>* living room ceilings<br \/>* measurement charts<br \/>* car window strips<br \/>* cosmetic brushes<br \/>* textile rolls used in factory production stages<br \/>* audio speakers<br \/>* machine covers<br \/>* work desks<br \/>* metal cutting tables<br \/>* polishing foil<br \/>* plaster ceiling covering<br \/>* roof coverings<br \/>* non-slip tools<br \/>* cosmetic pads<br \/>* curtain fabric<br \/>* Patterned printing on T-shirts and fabrics<\/p>\n<p>\u00a0<\/p>\n<h3><span style=\"color: #ff6600;\">APPLICATION AREAS OF DIFFERENT FLOCK TYPES<\/span><\/h3>\n<hr \/>\n<p><span style=\"text-decoration: underline; color: #ff6600;\"><strong>Automotive<\/strong><\/span><br \/>D\u0131\u015f kullan\u0131mlar i\u00e7in Kau\u00e7uk Profiller<br \/>PES 3,3 Dtex 0,5 mm-0,7mm<br \/>\u0130\u00e7 kullan\u0131mlar i\u00e7in Kau\u00e7uk Profiller<br \/>PA 0,9 Dtex -3,3 Dtex 0,3mm -0,7 mm<br \/>S\u00fcrg\u00fcl\u00fc \u00e7at\u0131lar i\u00e7in \u2026.. PA 22 Dtex 2,0 mm<br \/>Torpido kutular\u0131 ve \u2026.. PA 1,7 Dtex 0,5 mm -6,7 Dtex 1,0 mm Vidalar PA 22 Dtex 2,0 mm<\/p>\n<p><span style=\"text-decoration: underline; color: #ff6600;\"><strong>Textile<\/strong><\/span><br \/>T-shirt ve spor giyim CV 5,6 Dtex 1,0mm -3,3 Dtex 0,5mm PA 3,3 Dtex 1,0 mm<br \/>D\u00f6\u015femelik kuma\u015f PA 1,7 dtex 1,0 mm-3,3 Dtex 1,6 mm 2,0 Dtex TRLB 1,3 mm<br \/>Giyim PA 1,7 Dtex 0,5 mm\u2013 CV 3,3 Dtex 0,5 mm<br \/>Hal\u0131 ve Kap\u0131 paspaslar\u0131 PA 22 Dtex 2,0 mm, PES 40 Dtex 1,5 mm vs.<\/p>\n<p><span style=\"text-decoration: underline; color: #ff6600;\"><strong>Packing<\/strong><\/span><br \/>Vakumla \u015fekillendirilmi\u015f par\u00e7alar<br \/>PA 1,7 dtex 0,5 mm-3,3 dtex 1,0 mm<br \/>Karton PA 1,7 dtex 0,5 mm CV 3,3 dtex 0,5 mm<br \/>CV 5,6 Dtex 1,0 mm<br \/>Vitrinler, sunu\u015f ara\u00e7lar\u0131<br \/>PA 1,7 Dtex 0,5mm -3,3 dtex 1,0 mm<\/p>\n<p><span style=\"text-decoration: underline; color: #ff6600;\"><strong>Sauna Ovens<\/strong><\/span><br \/>PA 6,7 Dtex 1,0 mm -22 dtex 2,0 mm<\/p>\n<p><span style=\"text-decoration: underline; color: #ff6600;\"><strong>Toys<\/strong><\/span><br \/>Hayvanlar PA 1,7 Dtex 0,5 mm \u2013 3,3 dtex 1,0 mm<br \/>Model trenler i\u00e7in manzara g\u00f6r\u00fcn\u00fcm\u00fc PA 22 Dtex 2,0 mm<\/p>\n<p><span style=\"text-decoration: underline; color: #ff6600;\"><strong>Rubber Plastic Foam<\/strong><\/span><br \/>PA 0,9 dtex 0,3 mm-6,7dtex 1,0mm<br \/>CV 3,3 dtex 0,5mm -5,6 dtex 1,0 mm<\/p>\n<p><span style=\"text-decoration: underline; color: #ff6600;\"><strong>Cosmetic<\/strong><\/span><br \/>G\u00f6z Far\u0131 Uygulay\u0131c\u0131la\u0131 PA 0,9 Dtex 0,5 mm<br \/>Dudak Parlat\u0131c\u0131s\u0131 uygulay\u0131c\u0131s\u0131 PA 3,3 dtex 1,2 mm<\/p>\n<p><span style=\"text-decoration: underline; color: #ff6600;\"><strong>Paper and Cardboard<\/strong><\/span><br \/>Kartlar PA 1,7 dtex 0,5 mm-0,75 mm<br \/>Posterler PA 1,7 dtex-3,3 dtex 0,5mm -0,75 mm<\/p>\n<p><span style=\"text-decoration: underline; color: #ff6600;\"><strong>Pottery<\/strong><\/span><br \/>Porselen PA 1,7 dtex 0,5 mm -0,75 mm<br \/>PES 1,7 dtex 0,5 mm -0,75 mm<br \/>Cam PA 1,7 dtex 0,5 mm -0,75 mm<\/p>\n<p><span style=\"text-decoration: underline; color: #ff6600;\"><strong>Rubber Plastic Gloves<\/strong><\/span><br \/>\u0130\u00e7 floklama \u00d6\u011f\u00fctme Pamuk<\/p>\n<\/div><\/div>\n<\/div>\n<\/div>\n<\/div>","protected":false},"excerpt":{"rendered":"","protected":false},"author":1,"featured_media":0,"parent":0,"menu_order":0,"comment_status":"closed","ping_status":"open","template":"","meta":{"footnotes":""},"class_list":["post-68","page","type-page","status-publish","hentry"],"_links":{"self":[{"href":"https:\/\/www.flokcan.com\/en\/wp-json\/wp\/v2\/pages\/68","targetHints":{"allow":["GET"]}}],"collection":[{"href":"https:\/\/www.flokcan.com\/en\/wp-json\/wp\/v2\/pages"}],"about":[{"href":"https:\/\/www.flokcan.com\/en\/wp-json\/wp\/v2\/types\/page"}],"author":[{"embeddable":true,"href":"https:\/\/www.flokcan.com\/en\/wp-json\/wp\/v2\/users\/1"}],"replies":[{"embeddable":true,"href":"https:\/\/www.flokcan.com\/en\/wp-json\/wp\/v2\/comments?post=68"}],"version-history":[{"count":0,"href":"https:\/\/www.flokcan.com\/en\/wp-json\/wp\/v2\/pages\/68\/revisions"}],"wp:attachment":[{"href":"https:\/\/www.flokcan.com\/en\/wp-json\/wp\/v2\/media?parent=68"}],"curies":[{"name":"wp","href":"https:\/\/api.w.org\/{rel}","templated":true}]}}