{"id":66,"date":"2014-11-26T12:59:06","date_gmt":"2014-11-26T10:59:06","guid":{"rendered":"http:\/\/www.flokcan.com\/?page_id=66"},"modified":"2025-12-26T14:43:57","modified_gmt":"2025-12-26T11:43:57","slug":"urunler","status":"publish","type":"page","link":"https:\/\/www.flokcan.com\/en\/urunler\/","title":{"rendered":"Products"},"content":{"rendered":"<div class=\"et_pb_section_0 et_pb_section et_section_regular et_block_section\">\n<div class=\"et_pb_row_0 et_pb_row et_pb_gutters3 et_block_row\">\n<div class=\"et_pb_column_0 et_pb_column et_pb_column_4_4 et-last-child et_block_column et_pb_css_mix_blend_mode_passthrough\">\n<div class=\"et_pb_image_0 et_pb_image et_pb_module et_flex_module\"><span class=\"et_pb_image_wrap\"><img loading=\"lazy\" decoding=\"async\" src=\"https:\/\/www.flokcan.com\/wp-content\/uploads\/2025\/12\/new_slider_05-1.jpg\" title=\"new_slider_05\" width=\"1280\" height=\"500\" srcset=\"https:\/\/www.flokcan.com\/wp-content\/uploads\/2025\/12\/new_slider_05-1.jpg 1280w, https:\/\/www.flokcan.com\/wp-content\/uploads\/2025\/12\/new_slider_05-1-980x383.jpg 980w, https:\/\/www.flokcan.com\/wp-content\/uploads\/2025\/12\/new_slider_05-1-480x188.jpg 480w\" sizes=\"(min-width: 0px) and (max-width: 480px) 480px, (min-width: 481px) and (max-width: 980px) 980px, (min-width: 981px) 1280px, 100vw\" class=\"wp-image-798\" \/><\/span><\/div>\n\n<div class=\"et_pb_text_0 et_pb_text et_pb_bg_layout_light et_pb_module et_block_module\"><div class=\"et_pb_text_inner\"><h3><span style=\"color: #ff6600;\">POLYAM\u0130DE<\/span><\/h3>\n<table border=\"0\" width=\"650\" cellspacing=\"0\" cellpadding=\"0\">\n<tbody>\n<tr>\n<td width=\"94\"><\/td>\n<td width=\"106\"><\/td>\n<td width=\"112\"><\/td>\n<td align=\"center\" width=\"85\"><span style=\"text-decoration: underline;\"><span style=\"color: #ff6600; text-decoration: underline;\"><em><strong>S.DULL<\/strong><\/em><\/span><\/span><\/td>\n<td align=\"center\" width=\"82\"><span style=\"text-decoration: underline;\"><span style=\"color: #ff6600; text-decoration: underline;\"><em><strong>F.DULL<\/strong><\/em><\/span><\/span><\/td>\n<td align=\"center\" width=\"87\"><span style=\"text-decoration: underline;\"><span style=\"color: #ff6600; text-decoration: underline;\"><em><strong>TR\u0130LOBAL<\/strong><\/em><\/span><\/span><\/td>\n<td align=\"center\" width=\"88\"><span style=\"text-decoration: underline;\"><span style=\"color: #ff6600; text-decoration: underline;\"><em><strong>BR\u0130GHT<\/strong><\/em><\/span><\/span><\/td>\n<\/tr>\n<\/tbody>\n<\/table>\n<table border=\"1\" width=\"650\" cellspacing=\"0\" cellpadding=\"0\">\n<tbody>\n<tr>\n<td align=\"left\" width=\"94\">0,9 dtex<\/td>\n<td align=\"center\" width=\"100\"><img decoding=\"async\" src=\"http:\/\/www.flokcan.com\/wp-content\/uploads\/2014\/12\/kalinlik1.png\" alt=\"\" height=\"1\" \/><\/td>\n<td align=\"left\" width=\"112\">0,2 &#8211; 1,2 mm<\/td>\n<td align=\"center\" width=\"82\"><\/td>\n<td align=\"center\" width=\"82\"><img loading=\"lazy\" decoding=\"async\" src=\"http:\/\/www.flokcan.com\/wp-content\/uploads\/2014\/12\/Ok.png\" alt=\"\" width=\"25\" height=\"25\" \/><\/td>\n<td align=\"center\" width=\"82\"><\/td>\n<td align=\"center\" width=\"82\"><img loading=\"lazy\" decoding=\"async\" src=\"http:\/\/www.flokcan.com\/wp-content\/uploads\/2014\/12\/Ok.png\" alt=\"\" width=\"25\" height=\"25\" \/><\/td>\n<\/tr>\n<tr>\n<td align=\"left\">1,2 dtex<\/td>\n<td align=\"center\"><img loading=\"lazy\" decoding=\"async\" src=\"http:\/\/www.flokcan.com\/wp-content\/uploads\/2014\/12\/kalinlik1.png\" alt=\"\" width=\"55\" height=\"3\" \/><\/td>\n<td align=\"left\">0,4 &#8211; 0,6 mm<\/td>\n<td align=\"center\"><\/td>\n<td align=\"center\"><img loading=\"lazy\" decoding=\"async\" src=\"http:\/\/www.flokcan.com\/wp-content\/uploads\/2014\/12\/Ok.png\" alt=\"\" width=\"25\" height=\"25\" \/><\/td>\n<td align=\"center\"><\/td>\n<td align=\"center\"><\/td>\n<\/tr>\n<tr>\n<td align=\"left\">1,5 dtex<\/td>\n<td align=\"center\"><img loading=\"lazy\" decoding=\"async\" src=\"http:\/\/www.flokcan.com\/wp-content\/uploads\/2014\/12\/kalinlik4.png\" alt=\"\" width=\"55\" height=\"5\" \/><\/td>\n<td align=\"left\">0,3 &#8211; 1 mm<\/td>\n<td align=\"center\"><\/td>\n<td align=\"center\"><img loading=\"lazy\" decoding=\"async\" src=\"http:\/\/www.flokcan.com\/wp-content\/uploads\/2014\/12\/Ok.png\" alt=\"\" width=\"25\" height=\"25\" \/><\/td>\n<td align=\"center\"><\/td>\n<td align=\"center\"><\/td>\n<\/tr>\n<tr>\n<td align=\"left\">1,7 dtex<\/td>\n<td align=\"center\"><img loading=\"lazy\" decoding=\"async\" src=\"http:\/\/www.flokcan.com\/wp-content\/uploads\/2014\/12\/kalinlik4.png\" alt=\"\" width=\"55\" height=\"6\" \/><\/td>\n<td align=\"left\">0,3 &#8211; 1,3 mm<\/td>\n<td align=\"center\"><img loading=\"lazy\" decoding=\"async\" src=\"http:\/\/www.flokcan.com\/wp-content\/uploads\/2014\/12\/Ok.png\" alt=\"\" width=\"25\" height=\"25\" \/><\/td>\n<td align=\"center\"><img loading=\"lazy\" decoding=\"async\" src=\"http:\/\/www.flokcan.com\/wp-content\/uploads\/2014\/12\/Ok.png\" alt=\"\" width=\"25\" height=\"25\" \/><\/td>\n<td align=\"center\"><\/td>\n<td align=\"center\"><img loading=\"lazy\" decoding=\"async\" src=\"http:\/\/www.flokcan.com\/wp-content\/uploads\/2014\/12\/Ok.png\" alt=\"\" width=\"25\" height=\"25\" \/><\/td>\n<\/tr>\n<tr>\n<td align=\"left\">1,9 dtex<\/td>\n<td align=\"center\"><img loading=\"lazy\" decoding=\"async\" src=\"http:\/\/www.flokcan.com\/wp-content\/uploads\/2014\/12\/kalinlik6.png\" alt=\"\" width=\"55\" height=\"6\" \/><\/td>\n<td align=\"left\">0,3 &#8211; 1 mm<\/td>\n<td align=\"center\"><\/td>\n<td align=\"center\"><img loading=\"lazy\" decoding=\"async\" src=\"http:\/\/www.flokcan.com\/wp-content\/uploads\/2014\/12\/Ok.png\" alt=\"\" width=\"25\" height=\"25\" \/><\/td>\n<td align=\"center\"><\/td>\n<td align=\"center\"><\/td>\n<\/tr>\n<tr>\n<td align=\"left\">2 dtex<\/td>\n<td align=\"center\"><img loading=\"lazy\" decoding=\"async\" src=\"http:\/\/www.flokcan.com\/wp-content\/uploads\/2014\/12\/kalinlik6.png\" alt=\"\" width=\"55\" height=\"6\" \/><\/td>\n<td align=\"left\">0,35 &#8211; 1 mm<\/td>\n<td align=\"center\"><\/td>\n<td align=\"center\"><\/td>\n<td align=\"center\"><img loading=\"lazy\" decoding=\"async\" src=\"http:\/\/www.flokcan.com\/wp-content\/uploads\/2014\/12\/Ok.png\" alt=\"\" width=\"25\" height=\"25\" \/><\/td>\n<td align=\"center\"><img loading=\"lazy\" decoding=\"async\" src=\"http:\/\/www.flokcan.com\/wp-content\/uploads\/2014\/12\/Ok.png\" alt=\"\" width=\"25\" height=\"25\" \/><\/td>\n<\/tr>\n<tr>\n<td align=\"left\">3,3 dtex<\/td>\n<td align=\"center\"><img loading=\"lazy\" decoding=\"async\" src=\"http:\/\/www.flokcan.com\/wp-content\/uploads\/2014\/12\/kalinlik8.png\" alt=\"\" width=\"55\" height=\"8\" \/><\/td>\n<td align=\"left\">0,3 &#8211; 2,4 mm<\/td>\n<td align=\"center\"><img loading=\"lazy\" decoding=\"async\" src=\"http:\/\/www.flokcan.com\/wp-content\/uploads\/2014\/12\/Ok.png\" alt=\"\" width=\"25\" height=\"25\" \/><\/td>\n<td align=\"center\"><img loading=\"lazy\" decoding=\"async\" src=\"http:\/\/www.flokcan.com\/wp-content\/uploads\/2014\/12\/Ok.png\" alt=\"\" width=\"25\" height=\"25\" \/><\/td>\n<td align=\"center\"><img loading=\"lazy\" decoding=\"async\" src=\"http:\/\/www.flokcan.com\/wp-content\/uploads\/2014\/12\/Ok.png\" alt=\"\" width=\"25\" height=\"25\" \/><\/td>\n<td align=\"center\"><img loading=\"lazy\" decoding=\"async\" src=\"http:\/\/www.flokcan.com\/wp-content\/uploads\/2014\/12\/Ok.png\" alt=\"\" width=\"25\" height=\"25\" \/><\/td>\n<\/tr>\n<tr>\n<td align=\"left\">6,7 dtex<\/td>\n<td align=\"center\"><img loading=\"lazy\" decoding=\"async\" src=\"http:\/\/www.flokcan.com\/wp-content\/uploads\/2014\/12\/kalinlik10.png\" alt=\"\" width=\"55\" height=\"12\" \/><\/td>\n<td align=\"left\">0,5 &#8211; 3 mm<\/td>\n<td align=\"center\"><img loading=\"lazy\" decoding=\"async\" src=\"http:\/\/www.flokcan.com\/wp-content\/uploads\/2014\/12\/Ok.png\" alt=\"\" width=\"25\" height=\"25\" \/><\/td>\n<td align=\"center\"><\/td>\n<td align=\"center\"><\/td>\n<td align=\"center\"><\/td>\n<\/tr>\n<tr>\n<td align=\"left\">17 dtex<\/td>\n<td align=\"center\"><img loading=\"lazy\" decoding=\"async\" src=\"http:\/\/www.flokcan.com\/wp-content\/uploads\/2014\/12\/kalinlik15.png\" alt=\"\" width=\"55\" height=\"15\" \/><\/td>\n<td align=\"left\">0,5 &#8211; 5 mm<\/td>\n<td align=\"center\"><img loading=\"lazy\" decoding=\"async\" src=\"http:\/\/www.flokcan.com\/wp-content\/uploads\/2014\/12\/Ok.png\" alt=\"\" width=\"25\" height=\"25\" \/><\/td>\n<td align=\"center\"><img loading=\"lazy\" decoding=\"async\" src=\"http:\/\/www.flokcan.com\/wp-content\/uploads\/2014\/12\/Ok.png\" alt=\"\" width=\"25\" height=\"25\" \/><\/td>\n<td align=\"center\"><img loading=\"lazy\" decoding=\"async\" src=\"http:\/\/www.flokcan.com\/wp-content\/uploads\/2014\/12\/Ok.png\" alt=\"\" width=\"25\" height=\"25\" \/><\/td>\n<td align=\"center\"><\/td>\n<\/tr>\n<tr>\n<td align=\"left\">22 dtex<\/td>\n<td align=\"center\"><img loading=\"lazy\" decoding=\"async\" src=\"http:\/\/www.flokcan.com\/wp-content\/uploads\/2014\/12\/kalinlik20.png\" alt=\"\" width=\"55\" height=\"18\" \/><\/td>\n<td align=\"left\">0,5 &#8211; 5 mm<\/td>\n<td align=\"center\"><img loading=\"lazy\" decoding=\"async\" src=\"http:\/\/www.flokcan.com\/wp-content\/uploads\/2014\/12\/Ok.png\" alt=\"\" width=\"25\" height=\"25\" \/><\/td>\n<td align=\"center\"><\/td>\n<td align=\"center\"><\/td>\n<td align=\"center\"><\/td>\n<\/tr>\n<tr>\n<td align=\"left\">40 dtex<\/td>\n<td align=\"center\"><img loading=\"lazy\" decoding=\"async\" src=\"http:\/\/www.flokcan.com\/wp-content\/uploads\/2014\/12\/kalinlik26.png\" alt=\"\" width=\"55\" height=\"22\" \/><\/td>\n<td align=\"left\">0,5 &#8211; 8 mm<\/td>\n<td align=\"center\"><img loading=\"lazy\" decoding=\"async\" src=\"http:\/\/www.flokcan.com\/wp-content\/uploads\/2014\/12\/Ok.png\" alt=\"\" width=\"25\" height=\"25\" \/><\/td>\n<td align=\"center\"><\/td>\n<td align=\"center\"><\/td>\n<td align=\"center\"><\/td>\n<\/tr>\n<tr>\n<td align=\"left\">100 dtex<\/td>\n<td align=\"center\"><img loading=\"lazy\" decoding=\"async\" class=\"\" src=\"http:\/\/www.flokcan.com\/wp-content\/uploads\/2014\/12\/kalinlik.png\" alt=\"\" width=\"55\" height=\"28\" \/><\/td>\n<td align=\"left\">0,5 &#8211; 2 mm<\/td>\n<td align=\"center\"><img loading=\"lazy\" decoding=\"async\" src=\"http:\/\/www.flokcan.com\/wp-content\/uploads\/2014\/12\/Ok.png\" alt=\"\" width=\"25\" height=\"25\" \/><\/td>\n<td align=\"center\"><\/td>\n<td align=\"center\"><\/td>\n<td align=\"center\"><\/td>\n<\/tr>\n<\/tbody>\n<\/table>\n<p>\u00a0<\/p>\n<p><a title=\"Color Chart\" href=\"http:\/\/www.flokcan.com\/en\/renk-kartelasi\/\"><span style=\"text-decoration: underline; color: #ff6600;\"><strong>CLICK HERE TO VIEW OUR COLOR CHART.<\/strong><\/span><\/a><\/p>\n<hr \/>\n<p>\u00a0<\/p>\n<h3><span style=\"color: #ff6600;\">V\u0130SCOSE<\/span><\/h3>\n<table border=\"0\" width=\"650\" cellspacing=\"0\" cellpadding=\"0\">\n<tbody>\n<tr>\n<td width=\"94\"><\/td>\n<td width=\"106\"><\/td>\n<td width=\"112\"><\/td>\n<td align=\"center\" width=\"85\"><span style=\"text-decoration: underline;\"><span style=\"color: #ff6600; text-decoration: underline;\"><em><strong>S.DULL<\/strong><\/em><\/span><\/span><\/td>\n<td align=\"center\" width=\"82\"><span style=\"text-decoration: underline;\"><span style=\"color: #ff6600; text-decoration: underline;\"><em><strong>F.DULL<\/strong><\/em><\/span><\/span><\/td>\n<td align=\"center\" width=\"87\"><span style=\"text-decoration: underline;\"><span style=\"color: #ff6600; text-decoration: underline;\"><em><strong>TR\u0130LOBAL<\/strong><\/em><\/span><\/span><\/td>\n<td align=\"center\" width=\"88\"><span style=\"text-decoration: underline;\"><span style=\"color: #ff6600; text-decoration: underline;\"><em><strong>BR\u0130GHT<\/strong><\/em><\/span><\/span><\/td>\n<\/tr>\n<\/tbody>\n<\/table>\n<table border=\"1\" width=\"650\" cellspacing=\"0\" cellpadding=\"0\">\n<tbody>\n<tr>\n<td align=\"left\" width=\"94\">0,9 dtex<\/td>\n<td align=\"center\" width=\"100\"><img loading=\"lazy\" decoding=\"async\" src=\"http:\/\/www.flokcan.com\/wp-content\/uploads\/2014\/12\/kalinlik1.png\" alt=\"\" width=\"55\" height=\"1\" \/><\/td>\n<td align=\"left\" width=\"112\">0,2 &#8211; 0,8 mm<\/td>\n<td align=\"center\" width=\"82\"><\/td>\n<td align=\"center\" width=\"82\"><img loading=\"lazy\" decoding=\"async\" src=\"http:\/\/www.flokcan.com\/wp-content\/uploads\/2014\/12\/Ok.png\" alt=\"\" width=\"25\" height=\"25\" \/><\/td>\n<td align=\"center\" width=\"82\"><\/td>\n<td align=\"center\" width=\"82\"><img loading=\"lazy\" decoding=\"async\" src=\"http:\/\/www.flokcan.com\/wp-content\/uploads\/2014\/12\/Ok.png\" alt=\"\" width=\"25\" height=\"25\" \/><\/td>\n<\/tr>\n<tr>\n<td align=\"left\">1,1 dtex<\/td>\n<td align=\"center\"><img loading=\"lazy\" decoding=\"async\" src=\"http:\/\/www.flokcan.com\/wp-content\/uploads\/2014\/12\/kalinlik1.png\" alt=\"\" width=\"55\" height=\"3\" \/><\/td>\n<td align=\"left\">0,2 mm<\/td>\n<td align=\"center\"><\/td>\n<td align=\"center\"><\/td>\n<td align=\"center\"><\/td>\n<td align=\"center\"><img loading=\"lazy\" decoding=\"async\" src=\"http:\/\/www.flokcan.com\/wp-content\/uploads\/2014\/12\/Ok.png\" alt=\"\" width=\"25\" height=\"25\" \/><\/td>\n<\/tr>\n<tr>\n<td align=\"left\">1,7 dtex<\/td>\n<td align=\"center\"><img loading=\"lazy\" decoding=\"async\" src=\"http:\/\/www.flokcan.com\/wp-content\/uploads\/2014\/12\/kalinlik4.png\" alt=\"\" width=\"55\" height=\"5\" \/><\/td>\n<td align=\"left\">0,2 &#8211; 0,8 mm<\/td>\n<td align=\"center\"><\/td>\n<td align=\"center\"><img loading=\"lazy\" decoding=\"async\" src=\"http:\/\/www.flokcan.com\/wp-content\/uploads\/2014\/12\/Ok.png\" alt=\"\" width=\"25\" height=\"25\" \/><\/td>\n<td align=\"center\"><\/td>\n<td align=\"center\"><img loading=\"lazy\" decoding=\"async\" src=\"http:\/\/www.flokcan.com\/wp-content\/uploads\/2014\/12\/Ok.png\" alt=\"\" width=\"25\" height=\"25\" \/><\/td>\n<\/tr>\n<tr>\n<td align=\"left\">3,3 dtex<\/td>\n<td align=\"center\"><img loading=\"lazy\" decoding=\"async\" src=\"http:\/\/www.flokcan.com\/wp-content\/uploads\/2014\/12\/kalinlik6.png\" alt=\"\" width=\"55\" height=\"6\" \/><\/td>\n<td align=\"left\">0,4 &#8211; 1 mm<\/td>\n<td align=\"center\"><\/td>\n<td align=\"center\"><\/td>\n<td align=\"center\"><\/td>\n<td align=\"center\"><img loading=\"lazy\" decoding=\"async\" src=\"http:\/\/www.flokcan.com\/wp-content\/uploads\/2014\/12\/Ok.png\" alt=\"\" width=\"25\" height=\"25\" \/><\/td>\n<\/tr>\n<tr>\n<td align=\"left\">5 dtex<\/td>\n<td align=\"center\"><img loading=\"lazy\" decoding=\"async\" src=\"http:\/\/www.flokcan.com\/wp-content\/uploads\/2014\/12\/kalinlik8.png\" alt=\"\" width=\"55\" height=\"6\" \/><\/td>\n<td align=\"left\">0,5 &#8211; 1 mm<\/td>\n<td align=\"center\"><\/td>\n<td align=\"center\"><\/td>\n<td align=\"center\"><\/td>\n<td align=\"center\"><img loading=\"lazy\" decoding=\"async\" src=\"http:\/\/www.flokcan.com\/wp-content\/uploads\/2014\/12\/Ok.png\" alt=\"\" width=\"25\" height=\"25\" \/><\/td>\n<\/tr>\n<tr>\n<td align=\"left\">5,6 dtex<\/td>\n<td align=\"center\"><img loading=\"lazy\" decoding=\"async\" src=\"http:\/\/www.flokcan.com\/wp-content\/uploads\/2014\/12\/kalinlik8.png\" alt=\"\" width=\"55\" height=\"6\" \/><\/td>\n<td align=\"left\">0,9 &#8211; 1 mm<\/td>\n<td align=\"center\"><\/td>\n<td align=\"center\"><\/td>\n<td align=\"center\"><\/td>\n<td align=\"center\"><img loading=\"lazy\" decoding=\"async\" src=\"http:\/\/www.flokcan.com\/wp-content\/uploads\/2014\/12\/Ok.png\" alt=\"\" width=\"25\" height=\"25\" \/><\/td>\n<\/tr>\n<tr>\n<td align=\"left\">17 dtex<\/td>\n<td align=\"center\"><img loading=\"lazy\" decoding=\"async\" src=\"http:\/\/www.flokcan.com\/wp-content\/uploads\/2014\/12\/kalinlik15.png\" alt=\"\" width=\"55\" height=\"8\" \/><\/td>\n<td align=\"left\">1 &#8211; 3 mm<\/td>\n<td align=\"center\"><\/td>\n<td align=\"center\"><img loading=\"lazy\" decoding=\"async\" src=\"http:\/\/www.flokcan.com\/wp-content\/uploads\/2014\/12\/Ok.png\" alt=\"\" width=\"25\" height=\"25\" \/><\/td>\n<td align=\"center\"><\/td>\n<td align=\"center\"><img loading=\"lazy\" decoding=\"async\" src=\"http:\/\/www.flokcan.com\/wp-content\/uploads\/2014\/12\/Ok.png\" alt=\"\" width=\"25\" height=\"25\" \/><\/td>\n<\/tr>\n<tr>\n<td align=\"left\">28 dtex<\/td>\n<td align=\"center\"><img loading=\"lazy\" decoding=\"async\" src=\"http:\/\/www.flokcan.com\/wp-content\/uploads\/2014\/12\/kalinlik20.png\" alt=\"\" width=\"55\" height=\"12\" \/><\/td>\n<td align=\"left\">3,2 mm<\/td>\n<td align=\"center\"><\/td>\n<td align=\"center\"><\/td>\n<td align=\"center\"><\/td>\n<td align=\"center\"><img loading=\"lazy\" decoding=\"async\" src=\"http:\/\/www.flokcan.com\/wp-content\/uploads\/2014\/12\/Ok.png\" alt=\"\" width=\"25\" height=\"25\" \/><\/td>\n<\/tr>\n<\/tbody>\n<\/table>\n<p>\u00a0<\/p>\n<p><a title=\"Color Chart\" href=\"http:\/\/www.flokcan.com\/en\/renk-kartelasi\/\"><span style=\"text-decoration: underline; color: #ff6600;\"><strong>CLICK HERE TO VIEW OUR COLOR CHART.<\/strong><\/span><\/a><\/p>\n<hr \/>\n<h2><\/h2>\n<h3><span style=\"color: #ff6600;\">POLYESTER<\/span><\/h3>\n<table border=\"0\" width=\"650\" cellspacing=\"0\" cellpadding=\"0\">\n<tbody>\n<tr>\n<td width=\"94\"><\/td>\n<td width=\"106\"><\/td>\n<td width=\"112\"><\/td>\n<td align=\"center\" width=\"85\"><span style=\"text-decoration: underline;\"><em><strong><span style=\"color: #ff6600; text-decoration: underline;\">S.DULL<\/span><\/strong><\/em><\/span><\/td>\n<td align=\"center\" width=\"82\"><span style=\"text-decoration: underline;\"><em><strong><span style=\"color: #ff6600; text-decoration: underline;\">F.DULL<\/span><\/strong><\/em><\/span><\/td>\n<td align=\"center\" width=\"87\"><span style=\"text-decoration: underline;\"><em><strong><span style=\"color: #ff6600; text-decoration: underline;\">TR\u0130LOBAL<\/span><\/strong><\/em><\/span><\/td>\n<td align=\"center\" width=\"88\"><span style=\"text-decoration: underline;\"><em><strong><span style=\"color: #ff6600; text-decoration: underline;\">BR\u0130GHT<\/span><\/strong><\/em><\/span><\/td>\n<\/tr>\n<\/tbody>\n<\/table>\n<table border=\"1\" width=\"650\" cellspacing=\"0\" cellpadding=\"0\">\n<tbody>\n<tr>\n<td align=\"left\" width=\"94\">1,7 dtex<\/td>\n<td align=\"center\" width=\"100\"><img loading=\"lazy\" decoding=\"async\" src=\"http:\/\/www.flokcan.com\/wp-content\/uploads\/2014\/12\/kalinlik4.png\" alt=\"\" width=\"55\" height=\"1\" \/><\/td>\n<td align=\"left\" width=\"112\">0,3 &#8211; 0,8 mm<\/td>\n<td align=\"center\" width=\"82\"><img loading=\"lazy\" decoding=\"async\" src=\"http:\/\/www.flokcan.com\/wp-content\/uploads\/2014\/12\/Ok.png\" alt=\"\" width=\"25\" height=\"25\" \/><\/td>\n<td align=\"center\" width=\"82\"><\/td>\n<td align=\"center\" width=\"82\"><\/td>\n<td align=\"center\" width=\"82\"><\/td>\n<\/tr>\n<tr>\n<td align=\"left\">3,3 dtex<\/td>\n<td align=\"center\"><img loading=\"lazy\" decoding=\"async\" src=\"http:\/\/www.flokcan.com\/wp-content\/uploads\/2014\/12\/kalinlik6.png\" alt=\"\" width=\"55\" height=\"3\" \/><\/td>\n<td align=\"left\">0,5 &#8211; 4 mm<\/td>\n<td align=\"center\"><img loading=\"lazy\" decoding=\"async\" src=\"http:\/\/www.flokcan.com\/wp-content\/uploads\/2014\/12\/Ok.png\" alt=\"\" width=\"25\" height=\"25\" \/><\/td>\n<td align=\"center\"><\/td>\n<td align=\"center\"><\/td>\n<td align=\"center\"><\/td>\n<\/tr>\n<tr>\n<td align=\"left\">27 dtex<\/td>\n<td align=\"center\"><img loading=\"lazy\" decoding=\"async\" src=\"http:\/\/www.flokcan.com\/wp-content\/uploads\/2014\/12\/kalinlik20.png\" alt=\"\" width=\"55\" height=\"5\" \/><\/td>\n<td align=\"left\">1,8 mm<\/td>\n<td align=\"center\"><img loading=\"lazy\" decoding=\"async\" src=\"http:\/\/www.flokcan.com\/wp-content\/uploads\/2014\/12\/Ok.png\" alt=\"\" width=\"25\" height=\"25\" \/><\/td>\n<td align=\"center\"><\/td>\n<td align=\"center\"><\/td>\n<td align=\"center\"><\/td>\n<\/tr>\n<tr>\n<td align=\"left\">45 dtex<\/td>\n<td align=\"center\"><img loading=\"lazy\" decoding=\"async\" src=\"http:\/\/www.flokcan.com\/wp-content\/uploads\/2014\/12\/kalinlik26.png\" alt=\"\" width=\"55\" height=\"6\" \/><\/td>\n<td align=\"left\">1,5 mm<\/td>\n<td align=\"center\"><img loading=\"lazy\" decoding=\"async\" src=\"http:\/\/www.flokcan.com\/wp-content\/uploads\/2014\/12\/Ok.png\" alt=\"\" width=\"25\" height=\"25\" \/><\/td>\n<td align=\"center\"><\/td>\n<td align=\"center\"><\/td>\n<td align=\"center\"><\/td>\n<\/tr>\n<\/tbody>\n<\/table>\n<p><strong><span style=\"text-decoration: underline; color: #ff6600;\"><span style=\"text-decoration: underline;\"><br \/><span style=\"color: #ff6600;\"><a style=\"color: #ff6600; text-decoration: underline;\" title=\"Color Chart\" href=\"http:\/\/www.flokcan.com\/en\/renk-kartelasi\/\">CLICK HERE TO VIEW OUR COLOR CHART.<\/a><\/span><\/span><\/span><\/strong><\/p>\n<hr \/>\n<p>\u00a0<\/p>\n<p><em><strong>Cotton Milling Flock<\/strong><\/em><\/p>\n<p>Cotton milling flock and viscose &amp; cotton blended milling flock;<\/p>\n<p><strong>Types<\/strong><br \/>&#8211; Viskon 1,0 dtex \u00f6\u011f\u00fctme<br \/>&#8211; Viskon 1,7 dtex \u00f6\u011f\u00fctme<br \/>&#8211; Viskon 3,3 dtex \u00f6\u011f\u00fctme<br \/>&#8211; Viskon 5,0 dtex \u00f6\u011f\u00fctme<\/p>\n<p><em><strong>Acrylic Flock<\/strong><\/em><\/p>\n<p>Flock Powder Production Flokcan Textile.<\/p>\n<p><strong>Types<\/strong><br \/>&#8211; 2,0 dtex mat<br \/>&#8211; 3,3 dtex parlak<br \/>&#8211; 9,0 dtex trilobal<\/p>\n<p>Flock Powder Production Flokcan Textile.<\/p>\n<\/div><\/div>\n<\/div>\n<\/div>\n\n<div class=\"et_pb_row_1 et_pb_row et-vb-row--no-module et_flex_row\">\n<div class=\"et_pb_column_1 et_pb_column et-last-child et_flex_column et_pb_column_empty et_pb_css_mix_blend_mode_passthrough et_flex_column_24_24\"><\/div>\n<\/div>\n<\/div>","protected":false},"excerpt":{"rendered":"","protected":false},"author":1,"featured_media":0,"parent":0,"menu_order":0,"comment_status":"closed","ping_status":"open","template":"","meta":{"footnotes":""},"class_list":["post-66","page","type-page","status-publish","hentry"],"_links":{"self":[{"href":"https:\/\/www.flokcan.com\/en\/wp-json\/wp\/v2\/pages\/66","targetHints":{"allow":["GET"]}}],"collection":[{"href":"https:\/\/www.flokcan.com\/en\/wp-json\/wp\/v2\/pages"}],"about":[{"href":"https:\/\/www.flokcan.com\/en\/wp-json\/wp\/v2\/types\/page"}],"author":[{"embeddable":true,"href":"https:\/\/www.flokcan.com\/en\/wp-json\/wp\/v2\/users\/1"}],"replies":[{"embeddable":true,"href":"https:\/\/www.flokcan.com\/en\/wp-json\/wp\/v2\/comments?post=66"}],"version-history":[{"count":0,"href":"https:\/\/www.flokcan.com\/en\/wp-json\/wp\/v2\/pages\/66\/revisions"}],"wp:attachment":[{"href":"https:\/\/www.flokcan.com\/en\/wp-json\/wp\/v2\/media?parent=66"}],"curies":[{"name":"wp","href":"https:\/\/api.w.org\/{rel}","templated":true}]}}