{"id":46,"date":"2014-11-24T13:34:12","date_gmt":"2014-11-24T11:34:12","guid":{"rendered":"http:\/\/www.flokcan.com\/?page_id=46"},"modified":"2026-02-10T10:56:08","modified_gmt":"2026-02-10T07:56:08","slug":"iletisim","status":"publish","type":"page","link":"https:\/\/www.flokcan.com\/en\/iletisim\/","title":{"rendered":"Contact information"},"content":{"rendered":"<div class=\"et_pb_section_0 et_pb_section et_section_regular et_block_section\">\n<div class=\"et_pb_row_0 et_pb_row et_pb_gutters3 et_block_row\">\n<div class=\"et_pb_column_0 et_pb_column et_pb_column_4_4 et-last-child et_block_column et_pb_css_mix_blend_mode_passthrough\">\n<div class=\"et_pb_text_0 et_pb_text et_pb_bg_layout_light et_pb_module et_block_module\"><div class=\"et_pb_text_inner\"><p><a href=\"http:\/\/www.flokcan.com\/wp-content\/uploads\/2014\/11\/logo3.png\"><img loading=\"lazy\" decoding=\"async\" class=\"size-full wp-image-48 aligncenter\" src=\"http:\/\/www.flokcan.com\/wp-content\/uploads\/2014\/11\/logo3.png\" alt=\"logo\" width=\"163\" height=\"90\" \/><\/a><\/p>\n<p style=\"text-align: center;\"><strong>FLOKCAN TEKST\u0130L SANAY\u0130 T\u0130CARET LTD.\u015eT\u0130.<\/strong><br \/>\n<strong>Adres :<\/strong> Barakfakih Sanayi B\u00f6lgesi 17. Cd. No:11 Kestel &#8211; BURSA \/ T\u00dcRK\u0130YE<br \/>\n<strong>Telefon :<\/strong> +90 (224) 384 10 44 (3 line)<br \/>\n<strong>Fax :<\/strong> +90 (224) 384 10 47<\/p>\n<p style=\"text-align: center;\"><strong>E-Mail\u00a0:\u00a0<\/strong><a href=\"mailto:flokcan@flokcan.com.tr\">flokcan@flokcan.com.tr<\/a><\/p>\n<\/div><\/div>\n\n<div class=\"et_pb_code_0 et_pb_code et_pb_module\"><div class=\"et_pb_code_inner\"><iframe src=\"https:\/\/www.google.com\/maps\/embed?pb=!1m14!1m8!1m3!1d28916.56016471924!2d29.288145000000004!3d40.204844!3m2!1i1024!2i768!4f13.1!3m3!1m2!1s0x14ca383900000001%3A0x8da579e51003426!2sFlokcan%20Tekstil!5e1!3m2!1str!2sus!4v1766751952425!5m2!1str!2sus\" width=\"100%\" height=\"450\" style=\"border:0;\" allowfullscreen=\"\" loading=\"lazy\" referrerpolicy=\"no-referrer-when-downgrade\"><\/iframe><\/div><\/div>\n<\/div>\n<\/div>\n<\/div>","protected":false},"excerpt":{"rendered":"","protected":false},"author":1,"featured_media":0,"parent":0,"menu_order":0,"comment_status":"closed","ping_status":"open","template":"","meta":{"footnotes":""},"class_list":["post-46","page","type-page","status-publish","hentry"],"_links":{"self":[{"href":"https:\/\/www.flokcan.com\/en\/wp-json\/wp\/v2\/pages\/46","targetHints":{"allow":["GET"]}}],"collection":[{"href":"https:\/\/www.flokcan.com\/en\/wp-json\/wp\/v2\/pages"}],"about":[{"href":"https:\/\/www.flokcan.com\/en\/wp-json\/wp\/v2\/types\/page"}],"author":[{"embeddable":true,"href":"https:\/\/www.flokcan.com\/en\/wp-json\/wp\/v2\/users\/1"}],"replies":[{"embeddable":true,"href":"https:\/\/www.flokcan.com\/en\/wp-json\/wp\/v2\/comments?post=46"}],"version-history":[{"count":1,"href":"https:\/\/www.flokcan.com\/en\/wp-json\/wp\/v2\/pages\/46\/revisions"}],"predecessor-version":[{"id":865,"href":"https:\/\/www.flokcan.com\/en\/wp-json\/wp\/v2\/pages\/46\/revisions\/865"}],"wp:attachment":[{"href":"https:\/\/www.flokcan.com\/en\/wp-json\/wp\/v2\/media?parent=46"}],"curies":[{"name":"wp","href":"https:\/\/api.w.org\/{rel}","templated":true}]}}