{"id":4,"date":"2014-11-19T15:17:50","date_gmt":"2014-11-19T13:17:50","guid":{"rendered":"http:\/\/www.flokcan.com\/?page_id=4"},"modified":"2026-01-08T13:46:56","modified_gmt":"2026-01-08T10:46:56","slug":"anasayfa","status":"publish","type":"page","link":"https:\/\/www.flokcan.com\/en\/","title":{"rendered":"anasayfa"},"content":{"rendered":"<div class=\"et_pb_section_0 et_pb_section et_section_regular et_flex_section\">\n<div class=\"et_pb_row_0 et_pb_row et_flex_row\">\n<div class=\"et_pb_column_0 et_pb_column et-last-child et_flex_column et_pb_css_mix_blend_mode_passthrough et_flex_column_24_24\">\n<div class=\"et_pb_code_0 et_pb_code et_pb_module\"><div class=\"et_pb_code_inner\"><script type=\"text\/javascript\">jQuery(function() { _initLayerSlider( '#layerslider_1_cohvry522m4z', {createdWith: '8.1.2', sliderVersion: '8.1.2', fullSizeMode: 'fitheight', allowFullscreen: true, skin: 'v6', navStartStop: false, useSrcset: true, skinsPath: 'https:\/\/www.flokcan.com\/wp-content\/plugins\/LayerSlider\/assets\/static\/layerslider\/skins\/', performanceMode: true}); });<\/script><link href=\"https:\/\/fonts.googleapis.com\/css?family=Poppins:100,100i,200,200i,300,300i,400,400i,500,500i,600,600i,700,700i,800,800i,900,900i\" rel=\"stylesheet\"><div id=\"layerslider_1_cohvry522m4z\"  class=\"ls-wp-container fitvidsignore\" style=\"width:1280px;height:500px;margin:0 auto;\"><div class=\"ls-slide\" data-ls=\"bgsize:auto;bgposition:50% 50%;transition2d:158;globalhover:true;kenburnszoom:out;kenburnsscale:1.1;parallaxevent:auto;\"><img loading=\"lazy\" decoding=\"async\" width=\"1280\" height=\"500\" src=\"https:\/\/www.flokcan.com\/wp-content\/uploads\/2025\/12\/slider.png\" class=\"ls-bg\" alt=\"\" srcset=\"https:\/\/www.flokcan.com\/wp-content\/uploads\/2025\/12\/slider.png 1280w, https:\/\/www.flokcan.com\/wp-content\/uploads\/2025\/12\/slider-980x383.png 980w, https:\/\/www.flokcan.com\/wp-content\/uploads\/2025\/12\/slider-480x188.png 480w\" sizes=\"(min-width: 0px) and (max-width: 480px) 480px, (min-width: 481px) and (max-width: 980px) 980px, (min-width: 981px) 1280px, 100vw\" \/><\/div><div class=\"ls-slide\" data-ls=\"duration:5000;transition2d:158;kenburnszoom:out;kenburnsscale:1.1;\"><img loading=\"lazy\" decoding=\"async\" width=\"1280\" height=\"500\" src=\"https:\/\/www.flokcan.com\/wp-content\/uploads\/2025\/12\/new_slider_01.jpg\" class=\"ls-bg\" alt=\"\" srcset=\"https:\/\/www.flokcan.com\/wp-content\/uploads\/2025\/12\/new_slider_01.jpg 1280w, https:\/\/www.flokcan.com\/wp-content\/uploads\/2025\/12\/new_slider_01-980x383.jpg 980w, https:\/\/www.flokcan.com\/wp-content\/uploads\/2025\/12\/new_slider_01-480x188.jpg 480w\" sizes=\"(min-width: 0px) and (max-width: 480px) 480px, (min-width: 481px) and (max-width: 980px) 980px, (min-width: 981px) 1280px, 100vw\" \/><ls-layer style=\"font-family:Poppins;font-weight:900;letter-spacing:-0.5px;top:131px;left:161px;color:#f57c20;text-shadow:9px 8px 7px rgba(0, 0, 0, 0.27);\" class=\"ls-l ls-text-layer\" data-ls=\"durationin:1500;easingin:easeOutElastic;fadein:false;scalexin:0;scaleyin:0;\">T\u00fcrkiyenin FLOK \u00dcRET\u0130C\u0130S\u0130..<\/ls-layer><ls-layer style=\"top:185px;left:135px;font-family:Poppins;font-size:14px;color:#6b6b6b;\" class=\"ls-l ls-html-layer\" data-ls=\"offsetxin:right;easingin:easeOutQuint;fadein:false;\"><ul><li><strong>Tekstil ve Moda:<\/strong> Giyim (ti\u015f\u00f6rt bask\u0131lar\u0131), d\u00f6\u015femelik kuma\u015flar, perdeler, yast\u0131k ve battaniyeler.<\/li><li><strong>Otomotiv:<\/strong> Torpido g\u00f6z\u00fc i\u00e7leri, kap\u0131 fitilleri, tavan kaplamalar\u0131, g\u00fcne\u015flikler ve ses yal\u0131t\u0131m panelleri.<\/li><li><strong>Ambalaj ve Paketleme:<\/strong> M\u00fccevher kutular\u0131, saat kutular\u0131, parf\u00fcm stantlar\u0131 ve l\u00fcks hediye kutusu i\u00e7 kaplamalar\u0131.<\/li><li><strong>Kozmetik:<\/strong> Dudak parlat\u0131c\u0131s\u0131 (lip gloss) u\u00e7lar\u0131, aplikat\u00f6rler, maskara f\u0131r\u00e7alar\u0131 ve pudra ponponlar\u0131.<\/li><li><strong>Matbaa ve Ka\u011f\u0131t:<\/strong> Duvar ka\u011f\u0131tlar\u0131, davetiyeler, tebrik kartlar\u0131, kitap kapaklar\u0131 ve karton \u00e7antalar.<\/li><li><strong>Oyuncak:<\/strong> Hayvan fig\u00fcrleri (t\u00fcyl\u00fc doku), oyun setleri ve model ara\u00e7 i\u00e7leri.<\/li><li><strong>End\u00fcstriyel \u00dcr\u00fcnler:<\/strong> Boya rulolar\u0131, temizlik f\u0131r\u00e7alar\u0131, s\u0131zd\u0131rmazl\u0131k elemanlar\u0131 ve titre\u015fim \u00f6nleyici contalar.<\/li><li><strong>Mobilya ve Aksesuar:<\/strong> \u00c7ekmece i\u00e7leri, m\u00fccevherat b\u00f6lmeleri, resim \u00e7er\u00e7eveleri ve dekoratif objeler.<\/li><\/ul><\/ls-layer><img loading=\"lazy\" decoding=\"async\" width=\"500\" height=\"2000\" src=\"https:\/\/www.flokcan.com\/wp-content\/uploads\/2025\/12\/new_slider_03.jpg\" class=\"ls-l ls-img-layer\" alt=\"\" srcset=\"https:\/\/www.flokcan.com\/wp-content\/uploads\/2025\/12\/new_slider_03.jpg 500w, https:\/\/www.flokcan.com\/wp-content\/uploads\/2025\/12\/new_slider_03-480x1920.jpg 480w\" sizes=\"(min-width: 0px) and (max-width: 480px) 480px, (min-width: 481px) 500px, 100vw\" style=\"width:131px;height:526px;top:0px;left:18px;\" data-ls=\"offsetxin:left;easingin:easeOutQuint;fadein:false;\"><\/div><\/div><\/div><\/div>\n<\/div>\n<\/div>\n<\/div>\n\n<div class=\"et_pb_section_1 et_pb_section et_section_regular et_block_section\">\n<div class=\"et_pb_row_1 et_pb_row et_flex_row\">\n<div class=\"et_pb_column_1 et_pb_column et_flex_column et_pb_css_mix_blend_mode_passthrough et_flex_column_12_24 et_flex_column_12_24_tablet et_flex_column_24_24_phone\">\n<div class=\"et_pb_text_0 et_pb_text et_pb_bg_layout_light et_pb_module et_block_module\"><div class=\"et_pb_text_inner\"><h3 style=\"text-align: justify;\">WELCOME<\/h3>\n<p style=\"text-align: justify;\">The company started producing flock powder in Bursa in 1987.<\/p>\n<p data-path-to-node=\"5\">Flokcan Tekstil, which serves with its quality and rich product variety, aims for the best results in delicate fiber cutting and produces with its state-of-the-art equipment.<\/p>\n<p data-path-to-node=\"5\">While supplying raw materials to the vast majority of flock producers in the domestic market, we continue to grow in the global market with our exports to Europe and the Middle East.<\/p>\n<p data-path-to-node=\"6\">We are a pioneering company that was awarded by the Bursa Chamber of Commerce for being the first company to export flock powder from Bursa. The greatest strength behind our success and being preferred is our commitment to quality and customer satisfaction.<\/p>\n<\/div><\/div>\n<\/div>\n\n<div class=\"et_pb_column_2 et_pb_column et-last-child et_flex_column et_pb_css_mix_blend_mode_passthrough et_flex_column_12_24 et_flex_column_12_24_tablet et_flex_column_24_24_phone\">\n<div class=\"et_pb_code_1 et_pb_code et_pb_module\"><div class=\"et_pb_code_inner\"><script type=\"text\/javascript\">jQuery(function() { _initLayerSlider( '#layerslider_5_1j9taui69e16a', {createdWith: '8.1.2', sliderVersion: '8.1.2', skin: 'fullwidth', useSrcset: true, skinsPath: 'https:\/\/www.flokcan.com\/wp-content\/plugins\/LayerSlider\/assets\/static\/layerslider\/skins\/', performanceMode: true}); });<\/script><div id=\"layerslider_5_1j9taui69e16a\"  class=\"ls-wp-container fitvidsignore\" style=\"width:900px;height:500px;margin:0 auto;\"><div class=\"ls-slide\" ><img loading=\"lazy\" decoding=\"async\" width=\"900\" height=\"502\" src=\"https:\/\/www.flokcan.com\/wp-content\/uploads\/2025\/12\/t1-1.jpg\" class=\"ls-bg\" alt=\"\" srcset=\"https:\/\/www.flokcan.com\/wp-content\/uploads\/2025\/12\/t1-1.jpg 900w, https:\/\/www.flokcan.com\/wp-content\/uploads\/2025\/12\/t1-1-480x268.jpg 480w\" sizes=\"(min-width: 0px) and (max-width: 480px) 480px, (min-width: 481px) 900px, 100vw\" \/><\/div><div class=\"ls-slide\" ><img loading=\"lazy\" decoding=\"async\" width=\"900\" height=\"502\" src=\"https:\/\/www.flokcan.com\/wp-content\/uploads\/2025\/12\/t2.jpg\" class=\"ls-bg\" alt=\"\" srcset=\"https:\/\/www.flokcan.com\/wp-content\/uploads\/2025\/12\/t2.jpg 900w, https:\/\/www.flokcan.com\/wp-content\/uploads\/2025\/12\/t2-480x268.jpg 480w\" sizes=\"(min-width: 0px) and (max-width: 480px) 480px, (min-width: 481px) 900px, 100vw\" \/><\/div><div class=\"ls-slide\" ><img loading=\"lazy\" decoding=\"async\" width=\"900\" height=\"502\" src=\"https:\/\/www.flokcan.com\/wp-content\/uploads\/2025\/12\/t4.jpg\" class=\"ls-bg\" alt=\"\" srcset=\"https:\/\/www.flokcan.com\/wp-content\/uploads\/2025\/12\/t4.jpg 900w, https:\/\/www.flokcan.com\/wp-content\/uploads\/2025\/12\/t4-480x268.jpg 480w\" sizes=\"(min-width: 0px) and (max-width: 480px) 480px, (min-width: 481px) 900px, 100vw\" \/><\/div><div class=\"ls-slide\" ><img loading=\"lazy\" decoding=\"async\" width=\"900\" height=\"502\" src=\"https:\/\/www.flokcan.com\/wp-content\/uploads\/2025\/12\/t3.jpg\" class=\"ls-bg\" alt=\"\" srcset=\"https:\/\/www.flokcan.com\/wp-content\/uploads\/2025\/12\/t3.jpg 900w, https:\/\/www.flokcan.com\/wp-content\/uploads\/2025\/12\/t3-480x268.jpg 480w\" sizes=\"(min-width: 0px) and (max-width: 480px) 480px, (min-width: 481px) 900px, 100vw\" \/><\/div><\/div><\/div><\/div>\n<\/div>\n<\/div>\n<\/div>","protected":false},"excerpt":{"rendered":"","protected":false},"author":1,"featured_media":0,"parent":0,"menu_order":0,"comment_status":"open","ping_status":"open","template":"","meta":{"footnotes":""},"class_list":["post-4","page","type-page","status-publish","hentry"],"_links":{"self":[{"href":"https:\/\/www.flokcan.com\/en\/wp-json\/wp\/v2\/pages\/4","targetHints":{"allow":["GET"]}}],"collection":[{"href":"https:\/\/www.flokcan.com\/en\/wp-json\/wp\/v2\/pages"}],"about":[{"href":"https:\/\/www.flokcan.com\/en\/wp-json\/wp\/v2\/types\/page"}],"author":[{"embeddable":true,"href":"https:\/\/www.flokcan.com\/en\/wp-json\/wp\/v2\/users\/1"}],"replies":[{"embeddable":true,"href":"https:\/\/www.flokcan.com\/en\/wp-json\/wp\/v2\/comments?post=4"}],"version-history":[{"count":3,"href":"https:\/\/www.flokcan.com\/en\/wp-json\/wp\/v2\/pages\/4\/revisions"}],"predecessor-version":[{"id":859,"href":"https:\/\/www.flokcan.com\/en\/wp-json\/wp\/v2\/pages\/4\/revisions\/859"}],"wp:attachment":[{"href":"https:\/\/www.flokcan.com\/en\/wp-json\/wp\/v2\/media?parent=4"}],"curies":[{"name":"wp","href":"https:\/\/api.w.org\/{rel}","templated":true}]}}